{"id":909,"date":"2019-06-13T10:39:50","date_gmt":"2019-06-13T09:39:50","guid":{"rendered":"http:\/\/www.alterlivres.com\/librairie\/?page_id=909"},"modified":"2023-04-28T09:50:14","modified_gmt":"2023-04-28T08:50:14","slug":"voltiges","status":"publish","type":"page","link":"https:\/\/www.alterlivres.com\/librairie\/editions\/voltiges\/","title":{"rendered":"VOLTIGES"},"content":{"rendered":"\n<p>La d\u00e9finition la plus courante de\n\u00ab&nbsp;voltige&nbsp;\u00bb vient du cirque&nbsp;: acrobatie ou saut p\u00e9rilleux, dans\nun sens figur\u00e9 elle indique une entreprise\np\u00e9rilleuse et risqu\u00e9e. Mais voltiger, c\u2019est aussi\n\u00ab&nbsp;voler, flotter, virevolter \u00e7a et l\u00e0&nbsp;\u00bb.<\/p>\n\n\n\n<p>Ouvrir une librairie dans un village du\npi\u00e9mont c\u00e9venol, \u00e0 contrario de toute logique de rentabilit\u00e9, c\u2019\u00e9tait risqu\u00e9 et\nun peu fou, disons le&nbsp;: une vraie voltige. Quoique modestes, si compar\u00e9s \u00e0\ndu \u00ab&nbsp;vrai business&nbsp;\u00bb, les r\u00e9sultats nous confirment que l\u2019utopie\nconcr\u00e8te est possible. \u00c0 c\u00f4t\u00e9 d\u2019un public local devenu r\u00e9gulier, nombre de passionn\u00e9s\nviennent nous voir de temps \u00e0 autre depuis Montpellier ou N\u00eemes, de la Grande\nCombe ou Uz\u00e8s, toujours \u00e9tonn\u00e9s par nos choix et propositions. <\/p>\n\n\n\n<p>Riches en \u00e9changes, ces premi\u00e8res cinq\nann\u00e9es nous ont permis de d\u00e9couvrir des auteurs, de sujets et des artistes qui\nont fait \u00e9voluer la qualit\u00e9 et la vari\u00e9t\u00e9 du fond pr\u00e9sent \u00e0 la librairie. <\/p>\n\n\n\n<p>Artisans dans l&rsquo;\u00e2me et\nincorrigibles r\u00eaveurs, nous allons prendre de nouveaux risques et plaisirs en\n\u00e9ditant de textes qui nous ont fait vibrer et que nous d\u00e9sirons faire circuler\net d\u00e9couvrir. Bien s\u00fbr \u00e0 notre rythme et selon nos moyens, au gr\u00e9 de nos\nd\u00e9couvertes.<\/p>\n\n\n\n<p>Retour \u00e0 la base &#8211; Th\u00e8ses et observations sur les objectifs de la lutte en France; RAUL VANEIGEM .<\/p>\n\n\n\n<p>Le communiste de Montmartre; MICHAEL KLEEBERG .<\/p>\n","protected":false},"excerpt":{"rendered":"<p>La d\u00e9finition la plus courante de \u00ab&nbsp;voltige&nbsp;\u00bb vient du cirque&nbsp;: acrobatie ou saut p\u00e9rilleux, dans un sens figur\u00e9 elle indique une entreprise p\u00e9rilleuse et risqu\u00e9e. Mais voltiger, c\u2019est aussi \u00ab&nbsp;voler, flotter, virevolter \u00e7a et l\u00e0&nbsp;\u00bb. Ouvrir une librairie dans un village du pi\u00e9mont c\u00e9venol, \u00e0 contrario de toute logique de rentabilit\u00e9, c\u2019\u00e9tait risqu\u00e9 et un&hellip; <\/p>\n","protected":false},"author":1,"featured_media":0,"parent":907,"menu_order":0,"comment_status":"closed","ping_status":"closed","template":"","meta":{"footnotes":""},"class_list":["post-909","page","type-page","status-publish","hentry"],"_links":{"self":[{"href":"https:\/\/www.alterlivres.com\/librairie\/wp-json\/wp\/v2\/pages\/909","targetHints":{"allow":["GET"]}}],"collection":[{"href":"https:\/\/www.alterlivres.com\/librairie\/wp-json\/wp\/v2\/pages"}],"about":[{"href":"https:\/\/www.alterlivres.com\/librairie\/wp-json\/wp\/v2\/types\/page"}],"author":[{"embeddable":true,"href":"https:\/\/www.alterlivres.com\/librairie\/wp-json\/wp\/v2\/users\/1"}],"replies":[{"embeddable":true,"href":"https:\/\/www.alterlivres.com\/librairie\/wp-json\/wp\/v2\/comments?post=909"}],"version-history":[{"count":7,"href":"https:\/\/www.alterlivres.com\/librairie\/wp-json\/wp\/v2\/pages\/909\/revisions"}],"predecessor-version":[{"id":1450,"href":"https:\/\/www.alterlivres.com\/librairie\/wp-json\/wp\/v2\/pages\/909\/revisions\/1450"}],"up":[{"embeddable":true,"href":"https:\/\/www.alterlivres.com\/librairie\/wp-json\/wp\/v2\/pages\/907"}],"wp:attachment":[{"href":"https:\/\/www.alterlivres.com\/librairie\/wp-json\/wp\/v2\/media?parent=909"}],"curies":[{"name":"wp","href":"https:\/\/api.w.org\/{rel}","templated":true}]}}