{"id":6,"date":"2016-08-12T15:25:56","date_gmt":"2016-08-12T15:25:56","guid":{"rendered":"http:\/\/www.alterlivres.com\/librairie\/contact-us\/"},"modified":"2024-02-24T11:44:58","modified_gmt":"2024-02-24T10:44:58","slug":"contact-us","status":"publish","type":"page","link":"https:\/\/www.alterlivres.com\/librairie\/contact\/contact-us\/","title":{"rendered":"Contactez-nous"},"content":{"rendered":"<p>Par t\u00e9l\u00e9phone du mercredi au samedi : 10h-13h 15h-19h<\/p>\n<p>04 66 93 29 08<\/p>\n<p>ou par mail :<\/p>\n<div class=\"wpforms-container wpforms-container-full infoalterlivrescom\" id=\"wpforms-373\"><form id=\"wpforms-form-373\" class=\"wpforms-validate wpforms-form\" data-formid=\"373\" method=\"post\" enctype=\"multipart\/form-data\" action=\"\/librairie\/wp-json\/wp\/v2\/pages\/6\" data-token=\"f79df63364cf9957c4c5596d21967c7e\" data-token-time=\"1776954379\"><noscript class=\"wpforms-error-noscript\">Veuillez activer JavaScript dans votre navigateur pour remplir ce formulaire.<\/noscript><div class=\"wpforms-field-container\"><div id=\"wpforms-373-field_0-container\" class=\"wpforms-field wpforms-field-name\" data-field-id=\"0\"><label class=\"wpforms-field-label\" for=\"wpforms-373-field_0\">Nom <span class=\"wpforms-required-label\">*<\/span><\/label><input type=\"text\" id=\"wpforms-373-field_0\" class=\"wpforms-field-medium wpforms-field-required\" name=\"wpforms[fields][0]\" required><\/div><div id=\"wpforms-373-field_1-container\" class=\"wpforms-field wpforms-field-email\" data-field-id=\"1\"><label class=\"wpforms-field-label\" for=\"wpforms-373-field_1\">Adresse mail <span class=\"wpforms-required-label\">*<\/span><\/label><input type=\"email\" id=\"wpforms-373-field_1\" class=\"wpforms-field-medium wpforms-field-required\" name=\"wpforms[fields][1]\" spellcheck=\"false\" required><\/div><div id=\"wpforms-373-field_2-container\" class=\"wpforms-field wpforms-field-textarea\" data-field-id=\"2\"><label class=\"wpforms-field-label\" for=\"wpforms-373-field_2\">Message <span class=\"wpforms-required-label\">*<\/span><\/label><textarea id=\"wpforms-373-field_2\" class=\"wpforms-field-medium wpforms-field-required\" name=\"wpforms[fields][2]\" required><\/textarea><\/div><\/div><!-- .wpforms-field-container --><div class=\"wpforms-field wpforms-field-hp\"><label for=\"wpforms-373-field-hp\" class=\"wpforms-field-label\">Phone<\/label><input type=\"text\" name=\"wpforms[hp]\" id=\"wpforms-373-field-hp\" class=\"wpforms-field-medium\"><\/div><div class=\"wpforms-submit-container\" ><input type=\"hidden\" name=\"wpforms[id]\" value=\"373\"><input type=\"hidden\" name=\"page_title\" value=\"\"><input type=\"hidden\" name=\"page_url\" value=\"https:\/\/www.alterlivres.com\/librairie\/wp-json\/wp\/v2\/pages\/6\"><input type=\"hidden\" name=\"url_referer\" value=\"\"><button type=\"submit\" name=\"wpforms[submit]\" id=\"wpforms-submit-373\" class=\"wpforms-submit\" data-alt-text=\"Sending...\" data-submit-text=\"Envoyer\" aria-live=\"assertive\" value=\"wpforms-submit\">Envoyer<\/button><\/div><\/form><\/div>  <!-- .wpforms-container -->\n<p>Contactez nous pour vous inscrire \u00e0 la newsletter.<\/p>\n","protected":false},"excerpt":{"rendered":"<p>Par t\u00e9l\u00e9phone du mercredi au samedi : 10h-13h 15h-19h 04 66 93 29 08 ou par mail : Contactez nous pour vous inscrire \u00e0 la newsletter.<\/p>\n","protected":false},"author":1,"featured_media":0,"parent":217,"menu_order":0,"comment_status":"closed","ping_status":"closed","template":"","meta":{"footnotes":""},"class_list":["post-6","page","type-page","status-publish","hentry"],"_links":{"self":[{"href":"https:\/\/www.alterlivres.com\/librairie\/wp-json\/wp\/v2\/pages\/6","targetHints":{"allow":["GET"]}}],"collection":[{"href":"https:\/\/www.alterlivres.com\/librairie\/wp-json\/wp\/v2\/pages"}],"about":[{"href":"https:\/\/www.alterlivres.com\/librairie\/wp-json\/wp\/v2\/types\/page"}],"author":[{"embeddable":true,"href":"https:\/\/www.alterlivres.com\/librairie\/wp-json\/wp\/v2\/users\/1"}],"replies":[{"embeddable":true,"href":"https:\/\/www.alterlivres.com\/librairie\/wp-json\/wp\/v2\/comments?post=6"}],"version-history":[{"count":12,"href":"https:\/\/www.alterlivres.com\/librairie\/wp-json\/wp\/v2\/pages\/6\/revisions"}],"predecessor-version":[{"id":1615,"href":"https:\/\/www.alterlivres.com\/librairie\/wp-json\/wp\/v2\/pages\/6\/revisions\/1615"}],"up":[{"embeddable":true,"href":"https:\/\/www.alterlivres.com\/librairie\/wp-json\/wp\/v2\/pages\/217"}],"wp:attachment":[{"href":"https:\/\/www.alterlivres.com\/librairie\/wp-json\/wp\/v2\/media?parent=6"}],"curies":[{"name":"wp","href":"https:\/\/api.w.org\/{rel}","templated":true}]}}