{"id":355,"date":"2017-09-07T18:02:09","date_gmt":"2017-09-07T17:02:09","guid":{"rendered":"http:\/\/www.alterlivres.com\/librairie\/?page_id=355"},"modified":"2019-06-13T10:44:38","modified_gmt":"2019-06-13T09:44:38","slug":"vertige-graphic-2","status":"publish","type":"page","link":"https:\/\/www.alterlivres.com\/librairie\/editions\/vertige-graphic-2\/","title":{"rendered":"VERTIGE GRAPHIC"},"content":{"rendered":"<p>Alterlivres est aussi une maison d\u2019\u00e9dition&nbsp;: VERTIGE GRAPHIC, qui depuis janvier 1987 explore le terrain du r\u00e9cit avec et par l\u2019image. Roman graphique, art s\u00e9quentiel, litt\u00e9rature dessin\u00e9e, histoire ou reportage en BD\u2008: des formes et des mani\u00e8res diff\u00e9rentes, mais qui toutes nous ont touch\u00e9s et fait vibrer au point de vouloir en faire des beaux livres.<br \/>\nUne aventure \u00e9ditoriale partag\u00e9e avec des maitres tels Pratt, Breccia et Munoz, des jeunes inconnus devenus des auteurs confirm\u00e9s tels Mattotti, Gipi ou Guillaume Long qui a su plus d\u2019une fois transformer des titres \u00abdifficiles\u00bb en \u00abincontournables\u00bb de l\u2019art s\u00e9quentiel.<\/p>\n<p><img loading=\"lazy\" decoding=\"async\" class=\" wp-image-483 alignleft\" src=\"http:\/\/www.alterlivres.com\/librairie\/wp-content\/uploads\/2017\/12\/Logo-Vertige-300x271.jpg\" alt=\"\" width=\"282\" height=\"255\" srcset=\"https:\/\/www.alterlivres.com\/librairie\/wp-content\/uploads\/2017\/12\/Logo-Vertige-300x271.jpg 300w, https:\/\/www.alterlivres.com\/librairie\/wp-content\/uploads\/2017\/12\/Logo-Vertige.jpg 635w\" sizes=\"auto, (max-width: 282px) 100vw, 282px\" \/><\/p>\n<p>&nbsp;<\/p>\n<p>Suivez nous sur facebook :<\/p>\n<p><a href=\"https:\/\/www.facebook.com\/Vertige-Graphic-1522695394435374\/?fref=ts\">VERTIGE GRAPHIC<\/a><\/p>\n<p>&nbsp;<\/p>\n<p>&nbsp;<\/p>\n<p>&nbsp;<\/p>\n<p>&nbsp;<\/p>\n<p>Voici les derni\u00e8res parutions :<\/p>\n<p><img loading=\"lazy\" decoding=\"async\" class=\"wp-image-359 alignleft\" src=\"http:\/\/www.alterlivres.com\/librairie\/wp-content\/uploads\/2017\/12\/La-vida-220x300.jpg\" alt=\"\" width=\"231\" height=\"315\" srcset=\"https:\/\/www.alterlivres.com\/librairie\/wp-content\/uploads\/2017\/12\/La-vida-220x300.jpg 220w, https:\/\/www.alterlivres.com\/librairie\/wp-content\/uploads\/2017\/12\/La-vida-768x1050.jpg 768w, https:\/\/www.alterlivres.com\/librairie\/wp-content\/uploads\/2017\/12\/La-vida-749x1024.jpg 749w, https:\/\/www.alterlivres.com\/librairie\/wp-content\/uploads\/2017\/12\/La-vida.jpg 1072w\" sizes=\"auto, (max-width: 231px) 100vw, 231px\" \/><\/p>\n<p><a href=\"http:\/\/www.alterlivres.com\/librairie\/2017\/12\/11\/la-vida\/\">La Vida<\/a><\/p>\n<p><em>La boh\u00e8me de Picasso et Casagemas<\/em><br \/>\nC\u2019est l\u2019histoire de l\u2019amiti\u00e9 entre Pablo Ruiz Picasso et Carles Casagemas, que nous conte le dernier roman graphique de Tyto Alba.<br \/>\nCompagnons ins\u00e9parables dans la cr\u00e9ation comme dans la joyeuse vie d\u2019\u00e9tudiants en ce d\u00e9but de si\u00e8cle en Catalogne, les deux amis allient les forces et faiblesses de chacun en une dynamique qui les portera jusqu\u2019\u00e0 la ville lumi\u00e8re ou se d\u00e9roule l\u2019Exposition Universelle de 1900.<\/p>\n<p>&nbsp;<\/p>\n<p>&nbsp;<\/p>\n<p>&nbsp;<\/p>\n<p>&nbsp;<\/p>\n<p><img loading=\"lazy\" decoding=\"async\" class=\"wp-image-360 alignleft\" src=\"http:\/\/www.alterlivres.com\/librairie\/wp-content\/uploads\/2017\/12\/155-228x300.jpg\" alt=\"\" width=\"236\" height=\"311\" srcset=\"https:\/\/www.alterlivres.com\/librairie\/wp-content\/uploads\/2017\/12\/155-228x300.jpg 228w, https:\/\/www.alterlivres.com\/librairie\/wp-content\/uploads\/2017\/12\/155.jpg 728w\" sizes=\"auto, (max-width: 236px) 100vw, 236px\" \/><\/p>\n<p><a href=\"http:\/\/www.alterlivres.com\/librairie\/2017\/12\/11\/matricule-155\/\">Matricule 155<\/a><\/p>\n<p><em>La vie de Simon Radovitzky<\/em><br \/>\nLe Matricule 155 a coll\u00e9 \u00e0 la peau de Simon Radowitzky pendant toute sa vie. Des pogroms perp\u00e9tr\u00e9s par les cosaques dans la Russie imp\u00e9riale de la fin du XIXe, jusqu\u2019au massacre des manifestants du 1er mai dans l\u2019Argentine de 1909, et pendant plus de vingt ans d\u2019enfermement au fin fond des glaces d\u2019Ushuaia, Simon s\u2019est battu.<br \/>\nJusqu\u2019o\u00f9 un homme peut-il r\u00e9sister pour un id\u00e9al ? Cet id\u00e9al peut-il le rendre invincible ? Simon Radowitzky a \u00e9t\u00e9 l\u2019une de ces rares anomalies qui transcendent le mythe pour redevenir, apr\u00e8s la mis\u00e8re, l\u2019horreur et l\u2019ignominie, ce qu\u2019il voulait \u00eatre : un homme simple et commun qui a lutt\u00e9 pour la justice. Voici son histoire.<\/p>\n<p>&nbsp;<\/p>\n","protected":false},"excerpt":{"rendered":"<p>Alterlivres est aussi une maison d\u2019\u00e9dition&nbsp;: VERTIGE GRAPHIC, qui depuis janvier 1987 explore le terrain du r\u00e9cit avec et par l\u2019image. Roman graphique, art s\u00e9quentiel, litt\u00e9rature dessin\u00e9e, histoire ou reportage en BD\u2008: des formes et des mani\u00e8res diff\u00e9rentes, mais qui toutes nous ont touch\u00e9s et fait vibrer au point de vouloir en faire des beaux&hellip; <\/p>\n","protected":false},"author":1,"featured_media":0,"parent":907,"menu_order":0,"comment_status":"closed","ping_status":"closed","template":"","meta":{"footnotes":""},"class_list":["post-355","page","type-page","status-publish","hentry"],"_links":{"self":[{"href":"https:\/\/www.alterlivres.com\/librairie\/wp-json\/wp\/v2\/pages\/355","targetHints":{"allow":["GET"]}}],"collection":[{"href":"https:\/\/www.alterlivres.com\/librairie\/wp-json\/wp\/v2\/pages"}],"about":[{"href":"https:\/\/www.alterlivres.com\/librairie\/wp-json\/wp\/v2\/types\/page"}],"author":[{"embeddable":true,"href":"https:\/\/www.alterlivres.com\/librairie\/wp-json\/wp\/v2\/users\/1"}],"replies":[{"embeddable":true,"href":"https:\/\/www.alterlivres.com\/librairie\/wp-json\/wp\/v2\/comments?post=355"}],"version-history":[{"count":12,"href":"https:\/\/www.alterlivres.com\/librairie\/wp-json\/wp\/v2\/pages\/355\/revisions"}],"predecessor-version":[{"id":913,"href":"https:\/\/www.alterlivres.com\/librairie\/wp-json\/wp\/v2\/pages\/355\/revisions\/913"}],"up":[{"embeddable":true,"href":"https:\/\/www.alterlivres.com\/librairie\/wp-json\/wp\/v2\/pages\/907"}],"wp:attachment":[{"href":"https:\/\/www.alterlivres.com\/librairie\/wp-json\/wp\/v2\/media?parent=355"}],"curies":[{"name":"wp","href":"https:\/\/api.w.org\/{rel}","templated":true}]}}